{"id":9,"date":"2016-03-03T12:48:52","date_gmt":"2016-03-03T12:48:52","guid":{"rendered":"http:\/\/ktd-mindel.hr\/develop\/?page_id=9"},"modified":"2025-11-27T07:34:55","modified_gmt":"2025-11-27T07:34:55","slug":"o-nama","status":"publish","type":"page","link":"https:\/\/ktd-mindel.hr\/develop\/o-nama\/","title":{"rendered":"O nama"},"content":{"rendered":"<h4 style=\"text-align: justify;\"><strong>POVIJEST:<\/strong><\/h4>\n<p style=\"text-align: justify;\">Nakon pretvorbe Hotelskog poduze\u0107a Lumbarda i osnutka Javnog komunalnog\u00a0poduze\u0107a (JKUP), stvoreni su uvjeti za osnivanje i postojanje komunalnog poduze\u0107a u Lumbardi. Komunalno trgova\u010dko dru\u0161tvo Mindel d.o.o. osnovano je u travnju 2004. godine kao trgova\u010dko dru\u0161tvo s ograni\u010denom odgovorno\u0161\u0107u.<\/p>\n<p style=\"text-align: justify;\">Od tada vlastitim sredstvima uz pomo\u0107 Op\u0107ine Lumbarda nabavljena su najprikladnija vozila za odvoz otpada, izgra\u0111ena mrtva\u010dnica i sa potrebnim\u00a0djelatnicima nastalo respektabilno komunalno poduze\u0107e koje brine o \u010disto\u0107i Lumbarde.<\/p>\n<hr \/>\n<h4 style=\"text-align: justify;\"><strong>DJELATNOST:<\/strong><\/h4>\n<ul style=\"text-align: justify;\">\n<li>Prikupljanje i odlaganje komunalnog otpada<\/li>\n<li>Upravljanje privremenim deponijem komunalnog otpada Kokojevica<\/li>\n<li>Odr\u017eavanje javnih povr\u0161ina<\/li>\n<li>Odr\u017eavanje javne rasvjete<\/li>\n<li>Odvodnja i pro\u010di\u0161\u0107avanje otpadnih voda<\/li>\n<li>Odr\u017eavanje nerazvrstanih cesta<\/li>\n<li>Odr\u017eavanje groblja te obavljanje pogrebnih poslova<\/li>\n<li>Tr\u017enica na malo<\/li>\n<li>Usluge parkinga<\/li>\n<li>Ra\u010dunovodstveni poslovi<\/li>\n<li>Izgradnja objekata komunalne infrastrukture od lokalnog zna\u010daja<\/li>\n<\/ul>\n<hr \/>\n<h4 style=\"text-align: justify;\"><strong>DJELATNICI:<\/strong><\/h4>\n<p style=\"text-align: justify;\">KTD Mindel d.o.o. ima stalno zaposlenih osam djelatnika.<\/p>\n<hr \/>\n<h4 style=\"text-align: justify;\"><strong>Direktor:<\/strong><\/h4>\n<p style=\"text-align: justify;\">Antonio Mu\u0161i\u0107. ing. el.<\/p>\n<p style=\"text-align: justify;\">e-mail: antonio.music1@gmail.com<\/p>\n<hr \/>\n<h4 style=\"text-align: justify;\"><strong>Ra\u010dunovodstvo:<\/strong><\/h4>\n<p style=\"text-align: justify;\">Neli \u0160estanovi\u0107<\/p>\n<p style=\"text-align: justify;\">e-mail: <a href=\"mailto:katica.sestanovic@ktd-mindel.hr\">info.ktdmindel@gmail.com<\/a><\/p>\n","protected":false},"excerpt":{"rendered":"<p>POVIJEST: Nakon pretvorbe Hotelskog poduze\u0107a Lumbarda i osnutka Javnog komunalnog\u00a0poduze\u0107a (JKUP), stvoreni su uvjeti za osnivanje i postojanje komunalnog poduze\u0107a u &#8230;<\/p>\n","protected":false},"author":1,"featured_media":0,"parent":0,"menu_order":0,"comment_status":"closed","ping_status":"closed","template":"","meta":{"_editorskit_title_hidden":false,"_editorskit_reading_time":1},"_links":{"self":[{"href":"https:\/\/ktd-mindel.hr\/develop\/wp-json\/wp\/v2\/pages\/9"}],"collection":[{"href":"https:\/\/ktd-mindel.hr\/develop\/wp-json\/wp\/v2\/pages"}],"about":[{"href":"https:\/\/ktd-mindel.hr\/develop\/wp-json\/wp\/v2\/types\/page"}],"author":[{"embeddable":true,"href":"https:\/\/ktd-mindel.hr\/develop\/wp-json\/wp\/v2\/users\/1"}],"replies":[{"embeddable":true,"href":"https:\/\/ktd-mindel.hr\/develop\/wp-json\/wp\/v2\/comments?post=9"}],"version-history":[{"count":6,"href":"https:\/\/ktd-mindel.hr\/develop\/wp-json\/wp\/v2\/pages\/9\/revisions"}],"predecessor-version":[{"id":1364,"href":"https:\/\/ktd-mindel.hr\/develop\/wp-json\/wp\/v2\/pages\/9\/revisions\/1364"}],"wp:attachment":[{"href":"https:\/\/ktd-mindel.hr\/develop\/wp-json\/wp\/v2\/media?parent=9"}],"curies":[{"name":"wp","href":"https:\/\/api.w.org\/{rel}","templated":true}]}}