{"id":80,"date":"2016-03-03T13:50:35","date_gmt":"2016-03-03T13:50:35","guid":{"rendered":"http:\/\/ktd-mindel.hr\/develop\/?page_id=80"},"modified":"2022-05-02T15:53:52","modified_gmt":"2022-05-02T15:53:52","slug":"korisni-linkovi","status":"publish","type":"page","link":"https:\/\/ktd-mindel.hr\/develop\/korisni-linkovi\/","title":{"rendered":"Korisni linkovi"},"content":{"rendered":"\n<p><\/p>\n\n\n<ul>\n<li><a href=\"http:\/\/lumbarda.hr\" target=\"_blank\" rel=\"noopener\">OP\u0106INA LUMBARDA<\/a><\/li>\n<li><a href=\"http:\/\/www.mzoip.hr\" target=\"_blank\" rel=\"noopener\">MINISTARSTVO ZA\u0160TITE OKOLI\u0160A<\/a><\/li>\n<li><a href=\"http:\/\/www.fzoeu.hr\" target=\"_blank\" rel=\"noopener\">FOND ZA ZA\u0160TITU OKOLI\u0160A<\/a><\/li>\n<li><a href=\"http:\/\/www.voda.hr\" target=\"_blank\" rel=\"noopener\">HRVATSKE VODE<\/a><\/li>\n<li><a href=\"https:\/\/www.zakon.hr\/z\/2848\/Zakon-o-gospodarenju-otpadom\" target=\"_blank\" rel=\"noopener\">ZAKON O GOSPODARENJU OTPADOM<\/a><\/li>\n<li><a href=\"http:\/\/narodne-novine.nn.hr\/clanci\/sluzbeni\/2013_07_94_2123.html\" target=\"_blank\" rel=\"noopener\">ZAKON O ODR\u017d. GOSPODARENJU OTPADOM<\/a><\/li>\n<li><a href=\"http:\/\/www.zakon.hr\/z\/319\/Zakon-o-komunalnom-gospodarstvu\" target=\"_blank\" rel=\"noopener\">ZAKON O KOMUNALNOM GOSPODARSTVU<\/a><\/li>\n<li><a href=\"http:\/\/www.zakon.hr\/z\/381\/Zakon-o-grobljima\" target=\"_blank\" rel=\"noopener\">ZAKON O GROBLJIMA<\/a><\/li>\n<li><a href=\"http:\/\/www.zakon.hr\/z\/546\/Zakon-o-trgova\u010dkim-dru\u0161tvima\" target=\"_blank\" rel=\"noopener\">ZAKON O TRG. DRU\u0160TVIMA<\/a><\/li>\n<li><a href=\"http:\/\/zako o za\u0161titi potro\u0161a\u0107a\">ZAKON O ZA\u0160T. POTRO\u0160A\u0106A<\/a><\/li>\n<li><a href=\"http:\/\/www.zakon.hr\/z\/223\/Zakon-o-javnoj-nabavi\">ZAKON O JAVNOJ NABAVI<\/a><\/li>\n<li><a href=\"http:\/\/www.zakon.hr\/z\/124\/Zakon-o-vodama\">ZAKON O VODAMA<\/a><\/li>\n<li><a href=\"http:\/\/zakon o financiranju vodnog gospodarstva 107\/95\">ZAKON O FINANCIRANJU VODNOG GOSPODARSTVA<\/a><\/li>\n<\/ul>\n<p>\u00a0<\/p>\n\n\n<p><\/p>\n","protected":false},"excerpt":{"rendered":"<p>OP\u0106INA LUMBARDA MINISTARSTVO ZA\u0160TITE OKOLI\u0160A FOND ZA ZA\u0160TITU OKOLI\u0160A HRVATSKE VODE ZAKON O GOSPODARENJU OTPADOM ZAKON O ODR\u017d. GOSPODARENJU OTPADOM ZAKON &#8230;<\/p>\n","protected":false},"author":1,"featured_media":0,"parent":0,"menu_order":0,"comment_status":"closed","ping_status":"closed","template":"","meta":{"_editorskit_title_hidden":false,"_editorskit_reading_time":1},"_links":{"self":[{"href":"https:\/\/ktd-mindel.hr\/develop\/wp-json\/wp\/v2\/pages\/80"}],"collection":[{"href":"https:\/\/ktd-mindel.hr\/develop\/wp-json\/wp\/v2\/pages"}],"about":[{"href":"https:\/\/ktd-mindel.hr\/develop\/wp-json\/wp\/v2\/types\/page"}],"author":[{"embeddable":true,"href":"https:\/\/ktd-mindel.hr\/develop\/wp-json\/wp\/v2\/users\/1"}],"replies":[{"embeddable":true,"href":"https:\/\/ktd-mindel.hr\/develop\/wp-json\/wp\/v2\/comments?post=80"}],"version-history":[{"count":12,"href":"https:\/\/ktd-mindel.hr\/develop\/wp-json\/wp\/v2\/pages\/80\/revisions"}],"predecessor-version":[{"id":1118,"href":"https:\/\/ktd-mindel.hr\/develop\/wp-json\/wp\/v2\/pages\/80\/revisions\/1118"}],"wp:attachment":[{"href":"https:\/\/ktd-mindel.hr\/develop\/wp-json\/wp\/v2\/media?parent=80"}],"curies":[{"name":"wp","href":"https:\/\/api.w.org\/{rel}","templated":true}]}}