{"id":692,"date":"2021-01-25T13:15:45","date_gmt":"2021-01-25T13:15:45","guid":{"rendered":"http:\/\/ktd-mindel.hr\/develop\/?page_id=692"},"modified":"2021-01-25T15:56:56","modified_gmt":"2021-01-25T15:56:56","slug":"zastita-osobnih-podataka","status":"publish","type":"page","link":"https:\/\/ktd-mindel.hr\/develop\/ostalo\/zastita-osobnih-podataka\/","title":{"rendered":"Za\u0161tita osobnih podataka"},"content":{"rendered":"\n<p>KTD Mindel d.o.o. u svom poslovanju provodi mjere za\u0161tite\nosobnih podataka sukladno Op\u0107oj uredbi o za\u0161titi podataka (GDPR), zakonskim i\nregulatornim obvezama.<\/p>\n\n\n\n<p>Voditelj obrade: KTD Mindel d.o.o., Lumbarda 493, 20263 Lumbarda<\/p>\n\n\n\n<p>KTD Mindel d.o.o. je imenovao Slu\u017ebenika za za\u0161titu osobnih\npodataka.<\/p>\n\n\n\n<p>Vezano za sva pitanja koja se ti\u010du obrade Va\u0161ih osobnih podataka\ni ostvarivanja prava predvi\u0111enih Op\u0107om uredbom o za\u0161titi podataka, mo\u017eete se\nobratiti Slu\u017ebeniku za za\u0161titu osobnih podataka na sljede\u0107e na\u010dine:<\/p>\n\n\n\n<p>pisanim putem na adresu: Mindel d.o.o., Lumbarda 493, 20263\nLumbarda<\/p>\n\n\n\n<p>e-mailom na adresu:&nbsp;<a href=\"mailto:info@ktd-mindel.hr\">info@ktd-mindel.hr<\/a><\/p>\n\n\n\n<div class=\"wp-block-file\"><a href=\"http:\/\/ktd-mindel.hr\/develop\/wp-content\/uploads\/2021\/01\/Zahtjev-za-ostvarivanje-prava-podnositelja.docx\">Zahtjev za ostvarivanje prava podnositelja<\/a><a href=\"http:\/\/ktd-mindel.hr\/develop\/wp-content\/uploads\/2021\/01\/Zahtjev-za-ostvarivanje-prava-podnositelja.docx\" class=\"wp-block-file__button\" download>Download<\/a><\/div>\n","protected":false},"excerpt":{"rendered":"<p>KTD Mindel d.o.o. u svom poslovanju provodi mjere za\u0161tite osobnih podataka sukladno Op\u0107oj uredbi o za\u0161titi podataka (GDPR), zakonskim i regulatornim &#8230;<\/p>\n","protected":false},"author":2,"featured_media":0,"parent":21,"menu_order":3,"comment_status":"closed","ping_status":"closed","template":"","meta":{"_editorskit_title_hidden":false,"_editorskit_reading_time":0},"_links":{"self":[{"href":"https:\/\/ktd-mindel.hr\/develop\/wp-json\/wp\/v2\/pages\/692"}],"collection":[{"href":"https:\/\/ktd-mindel.hr\/develop\/wp-json\/wp\/v2\/pages"}],"about":[{"href":"https:\/\/ktd-mindel.hr\/develop\/wp-json\/wp\/v2\/types\/page"}],"author":[{"embeddable":true,"href":"https:\/\/ktd-mindel.hr\/develop\/wp-json\/wp\/v2\/users\/2"}],"replies":[{"embeddable":true,"href":"https:\/\/ktd-mindel.hr\/develop\/wp-json\/wp\/v2\/comments?post=692"}],"version-history":[{"count":5,"href":"https:\/\/ktd-mindel.hr\/develop\/wp-json\/wp\/v2\/pages\/692\/revisions"}],"predecessor-version":[{"id":705,"href":"https:\/\/ktd-mindel.hr\/develop\/wp-json\/wp\/v2\/pages\/692\/revisions\/705"}],"up":[{"embeddable":true,"href":"https:\/\/ktd-mindel.hr\/develop\/wp-json\/wp\/v2\/pages\/21"}],"wp:attachment":[{"href":"https:\/\/ktd-mindel.hr\/develop\/wp-json\/wp\/v2\/media?parent=692"}],"curies":[{"name":"wp","href":"https:\/\/api.w.org\/{rel}","templated":true}]}}