{"id":655,"date":"2021-01-25T07:11:27","date_gmt":"2021-01-25T07:11:27","guid":{"rendered":"http:\/\/ktd-mindel.hr\/develop\/?page_id=655"},"modified":"2024-10-03T08:53:15","modified_gmt":"2024-10-03T08:53:15","slug":"pravo-na-pristup-informacijama","status":"publish","type":"page","link":"https:\/\/ktd-mindel.hr\/develop\/pravo-na-pristup-informacijama\/","title":{"rendered":"Pravo na pristup informacijama"},"content":{"rendered":"\n<p>Temeljem \u010dlanka 3. Zakona o pravu na\npristup informacijama (\u00bbNarodne novine\u00ab, broj 25\/13, 85\/15) ure\u0111eno je pravo na\npristup informacijama fizi\u010dkim i pravnim osobama putem otvorenosti i javnosti\ndjelovanja tijela javne vlasti.<\/p>\n\n\n\n<p>Pravo na pristup informacijama i ponovnu\nuporabu informacija obuhva\u0107a pravo korisnika na tra\u017eenje i dobivanje\ninformacije kao i obvezu tijela javne vlasti da omogu\u0107i pristup zatra\u017eenoj\ninformaciji, odnosno da objavljuje informacije neovisno o postavljenom zahtjevu\nkada takvo objavljivanje proizlazi iz obveze odre\u0111ene zakonom ili drugim\npropisom.<\/p>\n\n\n\n<p>Pravo na pristup informacijama i ponovnu\nuporabu informacija ure\u0111eno je i ostvaruje se u skladu sa Zakonom o pravu na\npristup informacijama (\u00bbNarodne novine\u00ab, broj 25\/13, 85\/15). Zakonom se\npropisuju na\u010dela prava na pristup informacijama i ponovnu uporabu informacija,\nograni\u010denja prava na pristup informacijama i ponovnu uporabu informacija,\npostupak za ostvarivanje i za\u0161titu prava na pristup informacijama i ponovnu\nuporabu informacija.<\/p>\n\n\n\n<p><strong>Slu\u017ebenik za informiranje<\/strong><\/p>\n\n\n\n<p>KTD Mindel d.o.o. javnost informira\nputem slu\u017ebene web stranice dokumentima i informacijama koje posjeduje i koji\nsu javno dostupni u elektroni\u010dkom obliku i mogu\u0107e im je pristupiti bez\nupu\u0107ivanja posebnog zahtjeva, a pristup svim ostalim informacijama i\ndokumentima ostvaruje se podno\u0161enjem usmenog ili pisanog zahtjeva.<\/p>\n\n\n\n<p>Pravo na pristup informacijama i ponovnu\nuporabu informacija ostvaruje se podno\u0161enjem zahtjeva slu\u017ebeniku za\ninformiranje KTD Mindel-a na sljede\u0107e mogu\u0107e na\u010dine:<\/p>\n\n\n\n<ol><li>putem&nbsp;telefona&nbsp;na broj: +385 (0)20 712 210<\/li><li>elektroni\u010dkom po\u0161tom&nbsp;slu\u017ebeniku za informiranje:&nbsp;info@ktd-mindel.hr&nbsp; na obrascu Zahtjev za pristup informacijama \/ Zahtjev za dopunu ili\nispravak informacije \/ Zahtjev za ponovnu uporabu informacija<\/li><li>po\u0161tom&nbsp;na adresu: KTD Mindel d.o.o., Lumbarda\n493, 20263 Lumbarda, na obrascu Zahtjev za pristup informacijama \/ Zahtjev za\ndopunu ili ispravak informacije \/ Zahtjev za ponovnu uporabu informacija<\/li><li>na adresu: KTD Mindel d.o.o., Lumbarda 493, 20263 Lumbarda, na obrascu\nZahtjev za pristup informacijama \/ Zahtjev za dopunu ili ispravak informacije \/\nZahtjev za ponovnu uporabu informacija radnim danom od 08:00 do 12:00 sati.<\/li><\/ol>\n\n\n\n<p>Slu\u017ebenik za informiranje:<\/p>\n\n\n\n<p>Neli \u0160estanovi\u0107<\/p>\n\n\n\n<p>KTD Mindel d.o.o., Lumbarda 493, 20263 Lumbarda<\/p>\n\n\n\n<p>Tel.: +385 (0)20 712 210<\/p>\n\n\n\n<p>E-mail slu\u017ebenika za informiranje:info@ktd-mindel.hr<\/p>\n\n\n\n<p>&nbsp;&nbsp;&nbsp;&nbsp;&nbsp;&nbsp;&nbsp;&nbsp;&nbsp;&nbsp;\n&nbsp; &nbsp; &nbsp; &nbsp; &nbsp;Radno vrijeme slu\u017ebenika za informiranje: od\n08:00 do 12:00 sati<\/p>\n\n\n\n<p><strong>Naknada za pristup informacijama<\/strong><\/p>\n\n\n\n<p>KTD Mindel d.o.o. ima pravo na naknadu\nstvarnih materijalnih tro\u0161kova koji nastanu pru\u017eanjem informacije korisniku\nprava na pristup informacijama i ponovnu uporabu informacija, kao i na naknadu\ntro\u0161kova dostave tra\u017eene informacije, koja se napla\u0107uje sukladno Kriteriju za\nodre\u0111ivanje visine naknade stvarnih materijalnih tro\u0161kova i tro\u0161kova dostave\ninformacije (dalje u tekstu: Kriterij) na temelju \u010dlanka 19. stavka 2. Zakona o\npravu na pristup informacijama (\u00bbNarodne novine\u00ab, broj 25\/13, 85\/15).<\/p>\n\n\n\n<p>Visina naknade stvarnih materijalnih\ntro\u0161kova odre\u0111uje se u sljede\u0107em iznosu:<\/p>\n\n\n\n<ol><li>preslik jedne stranice veli\u010dine A4 \u2013 0,25 kuna<\/li><li>preslik jedne stranice veli\u010dine A3 \u2013 0,50 kuna<\/li><li>preslik jedne stranice u boji veli\u010dine A4 \u2013 1,00 kuna<\/li><li>preslik jedne stranice u boji veli\u010dine A3 \u2013 1,60 kuna<\/li><li>elektroni\u010dki zapis na jednom CD-u \u2013 4,00 kuna<\/li><li>elektroni\u010dki zapis na jednom DVD-u \u2013 6,00 kuna<\/li><li>elektroni\u010dki zapis na memorijskoj kartici ovisno o koli\u010dini memorije \u2013 210\nkuna za 64 GB, 150 kuna za 32 GB, 120 kuna za 16 GB, 50 kuna za 8 GB, 30 kuna\nza 4 GB.<\/li><li>pretvaranje jedne strane dokumenta iz fizi\u010dkog u elektroni\u010dki oblik \u2013 0,80\nkuna<\/li><li>pretvaranje zapisa s videovrpce, audiokazete ili diskete u elektroni\u010dki\nzapis \u2013 1,00 kuna<\/li><\/ol>\n\n\n\n<p>&nbsp;Tro\u0161kovi dostave informacija obra\u010dunavaju se prema va\u017ee\u0107em cjeniku\nredovnih po\u0161tanskih usluga.<\/p>\n\n\n\n<p>NAPOMENA:<\/p>\n\n\n\n<p>Visinu naknade stvarnih materijalnih\ntro\u0161kova za usluge koje nisu navedene u Kriteriju, tijelo javne vlasti odre\u0111uje\nna na\u010din da u visinu naknade zara\u010duna prosje\u010dnu tr\u017ei\u0161nu cijenu za uslugu,\ntro\u0161ak amortizacije koje ima tijelo javne vlasti te tro\u0161ak po\u0161tanskih usluga.\nTro\u0161kovi dostave informacija obra\u010dunavaju se prema va\u017ee\u0107em cjeniku po\u0161tanskih\nusluga. Korisnik prava na informaciju treba unaprijed u cijelosti polo\u017eiti\no\u010dekivani iznos stvarnih materijalnih tro\u0161kova. U slu\u010daju da korisnik prava na\ninformaciju u roku ne polo\u017ei navedeni iznos, smatrat \u0107e se da je korisnik prava\nna informaciju odustao od zahtjeva. KTD Mindel d.o.o izdat \u0107e korisniku prava\nna informaciju ra\u010dun prema visini naknade odre\u0111enom u Kriteriju.<\/p>\n\n\n\n<p><strong>Pravo na pristup informacijama ure\u0111uju:<\/strong><\/p>\n\n\n\n<p><strong>Op\u0107i propisi<\/strong><\/p>\n\n\n\n<ul><li><code><a href=\"https:\/\/www.zakon.hr\/z\/126\/Zakon-o-pravu-na-pristup-informacijama\">Zakon o pravu na pristup informacijama (\u00bbNarodne novine\u00ab, broj 25\/13, 85\/15)<\/a><\/code>,<\/li><li><code><a href=\"https:\/\/www.zakon.hr\/z\/220\/Zakon-o-za%C5%A1titi-osobnih-podataka\">Zakon o za\u0161titi osobnih podataka (\u00bbNarodne novine\u00ab, broj 103\/03, 118\/06, 41\/08, 130\/11, 106\/12<\/a><\/code><a href=\"https:\/\/www.zakon.hr\/z\/220\/Zakon-o-za%C5%A1titi-osobnih-podataka\">)<\/a>,<\/li><li><a href=\"https:\/\/www.zakon.hr\/z\/217\/Zakon-o-tajnosti-podataka\">Zakon o tajnosti podataka (\u00bbNarodne novine\u00ab, broj 79\/07, 86\/12)<\/a>,<\/li><li><a href=\"https:\/\/www.zakon.hr\/z\/748\/Zakon-o-za%C5%A1titi-tajnosti-podataka\">Zakon o za\u0161titi tajnosti podataka (\u00bbNarodne novine\u00ab, broj&nbsp;<\/a><a href=\"http:\/\/podataka\/\"><\/a><a href=\"https:\/\/www.zakon.hr\/z\/748\/Zakon-o-za%C5%A1titi-tajnosti-podataka\">108\/96,&nbsp;<\/a><a href=\"http:\/\/podataka\/\"><\/a><a href=\"https:\/\/www.zakon.hr\/z\/748\/Zakon-o-za%C5%A1titi-tajnosti-podataka\">79\/07)<\/a><a href=\"https:\/\/www.zakon.hr\/z\/38\/Zakon-o-medijima\">,<\/a><\/li><li><a href=\"https:\/\/www.zakon.hr\/z\/38\/Zakon-o-medijima\">Zakon o medijima (\u00bbNarodne novine\u00ab, broj&nbsp;<\/a><a href=\"http:\/\/www.iusinfo.hr\/Publication\/Content.aspx?Sopi=NN2004B59A1324&amp;Ver=1\"><\/a><a href=\"https:\/\/www.zakon.hr\/z\/38\/Zakon-o-medijima\">59\/04,&nbsp;<\/a><a href=\"http:\/\/zakon\/\"><\/a><a href=\"https:\/\/www.zakon.hr\/z\/38\/Zakon-o-medijima\">84\/11, 81\/13<\/a>)<a href=\"https:\/\/www.zakon.hr\/z\/373\/Zakon-o-arhivskom-gradivu-i-arhivima\">,<\/a><\/li><li><a href=\"https:\/\/www.zakon.hr\/z\/373\/Zakon-o-arhivskom-gradivu-i-arhivima\">Zakon o arhivskom gradivu i arhivima (\u00bbNarodne novine\u00ab, broj&nbsp;<\/a><a href=\"http:\/\/arhivima\/\"><\/a><a href=\"https:\/\/www.zakon.hr\/z\/373\/Zakon-o-arhivskom-gradivu-i-arhivima\">105\/97,&nbsp;<\/a><a href=\"http:\/\/arhivima\/\"><\/a><a href=\"https:\/\/www.zakon.hr\/z\/373\/Zakon-o-arhivskom-gradivu-i-arhivima\">64\/00,&nbsp;<\/a><a href=\"http:\/\/arhivima\/\"><\/a><a href=\"https:\/\/www.zakon.hr\/z\/373\/Zakon-o-arhivskom-gradivu-i-arhivima\">65\/09,&nbsp;<\/a><a href=\"http:\/\/zakon\/\"><\/a><a href=\"https:\/\/www.zakon.hr\/z\/373\/Zakon-o-arhivskom-gradivu-i-arhivima\">144\/<\/a>1<a href=\"https:\/\/www.zakon.hr\/z\/221\/Zakon-o-sustavu-dr%C5%BEavne-uprave\">2),<\/a><\/li><li><a href=\"https:\/\/www.zakon.hr\/z\/221\/Zakon-o-sustavu-dr%C5%BEavne-uprave\">Zakon o sustavu dr\u017eavne uprave u odnosima uprave i gra\u0111ana (\u00bbNarodne novine\u00ab, broj<\/a><a href=\"http:\/\/uprave\/\"><\/a><a href=\"https:\/\/www.zakon.hr\/z\/221\/Zakon-o-sustavu-dr%C5%BEavne-uprave\">150\/11, 12<\/a>\/13),<\/li><li><a href=\"https:\/\/narodne-novine.nn.hr\/clanci\/sluzbeni\/2015_11_124_2356.html\">Pravilnik o Sredi\u0161njem katalogu slu\u017ebenih dokumenata Republike Hrvatske (\u00bbNarodne novine\u00ab, broj 83\/14<\/a>),<\/li><li><a href=\"https:\/\/narodne-novine.nn.hr\/clanci\/sluzbeni\/2014_07_83_1614.html\">Pravilnik o ustroju, sadr\u017eaju i na\u010dinu vo\u0111enja slu\u017ebenog Upisnika o ostvarivanju prava na pristup informacijama i ponovnu uporabu informacija (\u00bbNarodne novine\u00ab, broj 83\/14),<\/a><\/li><li><a href=\"https:\/\/narodne-novine.nn.hr\/clanci\/sluzbeni\/2014_01_12_231.html\">Kriterij za odre\u0111ivanje visine naknadne stvarnih materijalnih tro\u0161kova i tro\u0161kova dostave informacije (\u00bbNarodne novine\u00ab, broj 12\/14),<\/a><\/li><li><a href=\"https:\/\/narodne-novine.nn.hr\/clanci\/sluzbeni\/2010_02_19_458.html\">Popis tijela javne vlasti za 2010. godinu (\u00bbNarodne novine\u00ab, broj 19\/10).<\/a><\/li><\/ul>\n\n\n\n<p><strong>Propisi EU<\/strong><\/p>\n\n\n\n<div class=\"wp-block-file\"><a href=\"http:\/\/ktd-mindel.hr\/develop\/wp-content\/uploads\/2021\/01\/Direktiva-2003-98-EZ.pdf\"> Direktiva 2003\/98\/EZ Europskog parlamenta i Vije\u0107a od 17. studenog 2003.<br>o ponovnoj uporabi informacija javnog sektora <br><\/a><a href=\"http:\/\/ktd-mindel.hr\/develop\/wp-content\/uploads\/2021\/01\/Direktiva-2003-98-EZ.pdf\" class=\"wp-block-file__button\" download>Download<\/a><\/div>\n\n\n\n<p><\/p>\n\n\n\n<div class=\"wp-block-file\"><a href=\"http:\/\/ktd-mindel.hr\/develop\/wp-content\/uploads\/2021\/01\/Uredba-1049-2001-EP.pdf\"> Uredba 1049\/2001 Europskog parlamenta i Vije\u0107a od 30. svibnja 2001. o javnom pristupu dokumentima Europskog parlamenta, Vije\u0107a i Komisije <\/a><a href=\"http:\/\/ktd-mindel.hr\/develop\/wp-content\/uploads\/2021\/01\/Uredba-1049-2001-EP.pdf\" class=\"wp-block-file__button\" download>Download<\/a><\/div>\n\n\n\n<p><strong>Interni akti i obrasci<\/strong><\/p>\n\n\n\n<div class=\"wp-block-file\"><a href=\"https:\/\/ktd-mindel.hr\/develop\/wp-content\/uploads\/2024\/10\/Odluka-o-imenovanju-sluzbenika-za-informiranje.pdf\">Odluka-o-imenovanju-sluzbenika-za-informiranje<\/a><a href=\"https:\/\/ktd-mindel.hr\/develop\/wp-content\/uploads\/2024\/10\/Odluka-o-imenovanju-sluzbenika-za-informiranje.pdf\" class=\"wp-block-file__button\" download>Download<\/a><\/div>\n\n\n\n<div class=\"wp-block-file\"><a href=\"https:\/\/ktd-mindel.hr\/develop\/wp-content\/uploads\/2024\/10\/Odluka-o-visini-naknade-cjenik-stvarnih-materijalnih-troskova.docx\">Odluka-o-visini-naknade-cjenik-stvarnih-materijalnih-troskova<\/a><a href=\"https:\/\/ktd-mindel.hr\/develop\/wp-content\/uploads\/2024\/10\/Odluka-o-visini-naknade-cjenik-stvarnih-materijalnih-troskova.docx\" class=\"wp-block-file__button\" download>Download<\/a><\/div>\n\n\n\n<div class=\"wp-block-file\"><a href=\"https:\/\/ktd-mindel.hr\/develop\/wp-content\/uploads\/2024\/10\/Pravilnik-o-ostvarivanju-prava-na-pristup-informacijama.docx\">Pravilnik-o-ostvarivanju-prava-na-pristup-informacijama<\/a><a href=\"https:\/\/ktd-mindel.hr\/develop\/wp-content\/uploads\/2024\/10\/Pravilnik-o-ostvarivanju-prava-na-pristup-informacijama.docx\" class=\"wp-block-file__button\" download>Download<\/a><\/div>\n\n\n\n<div class=\"wp-block-file\"><a href=\"https:\/\/ktd-mindel.hr\/develop\/wp-content\/uploads\/2024\/10\/upisnik_o_zahtjevima_postupcima_odlukama.doc\">upisnik_o_zahtjevima_postupcima_odlukama<\/a><a href=\"https:\/\/ktd-mindel.hr\/develop\/wp-content\/uploads\/2024\/10\/upisnik_o_zahtjevima_postupcima_odlukama.doc\" class=\"wp-block-file__button\" download>Download<\/a><\/div>\n\n\n\n<div class=\"wp-block-file\"><a href=\"https:\/\/ktd-mindel.hr\/develop\/wp-content\/uploads\/2024\/10\/zahtjev_za_dopunu_ili_ispravak_informacije.doc\">zahtjev_za_dopunu_ili_ispravak_informacije<\/a><a href=\"https:\/\/ktd-mindel.hr\/develop\/wp-content\/uploads\/2024\/10\/zahtjev_za_dopunu_ili_ispravak_informacije.doc\" class=\"wp-block-file__button\" download>Download<\/a><\/div>\n\n\n\n<div class=\"wp-block-file\"><a href=\"https:\/\/ktd-mindel.hr\/develop\/wp-content\/uploads\/2024\/10\/zahtjev_za_ponovnu_uporabu_informacija.doc\">zahtjev_za_ponovnu_uporabu_informacija<\/a><a href=\"https:\/\/ktd-mindel.hr\/develop\/wp-content\/uploads\/2024\/10\/zahtjev_za_ponovnu_uporabu_informacija.doc\" class=\"wp-block-file__button\" download>Download<\/a><\/div>\n\n\n\n<div class=\"wp-block-file\"><a href=\"https:\/\/ktd-mindel.hr\/develop\/wp-content\/uploads\/2024\/10\/zahtjev_za_pristup_informacijama.doc\">zahtjev_za_pristup_informacijama<\/a><a href=\"https:\/\/ktd-mindel.hr\/develop\/wp-content\/uploads\/2024\/10\/zahtjev_za_pristup_informacijama.doc\" class=\"wp-block-file__button\" download>Download<\/a><\/div>\n\n\n\n<p><strong>Izvje\u0161\u0107a<\/strong><\/p>\n\n\n\n<figure class=\"wp-block-gallery columns-0 is-cropped\"><ul class=\"blocks-gallery-grid\"><\/ul><\/figure>\n\n\n\n<p>http:\/\/ktd-mindel.hr\/develop\/wp-content\/uploads\/2024\/02\/izvjesce-o-radu-davatelja-javne-usluge-za-izvjestajnu-2023.godinu-347331.pdf<\/p>\n\n\n\n<div class=\"wp-block-file\"><a href=\"http:\/\/ktd-mindel.hr\/develop\/wp-content\/uploads\/2021\/08\/FIN.IZVJE\u0160\u0106E-2020.xlsx\">FIN.IZVJE\u0160\u0106E-2020<\/a><a href=\"http:\/\/ktd-mindel.hr\/develop\/wp-content\/uploads\/2021\/08\/FIN.IZVJE\u0160\u0106E-2020.xlsx\" class=\"wp-block-file__button\" download>Download<\/a><\/div>\n\n\n\n<div class=\"wp-block-file\"><a href=\"http:\/\/ktd-mindel.hr\/develop\/wp-content\/uploads\/2021\/01\/FIN.-PLAN-2021.xlsx\">Financijski plan2021<\/a><a href=\"http:\/\/ktd-mindel.hr\/develop\/wp-content\/uploads\/2021\/01\/FIN.-PLAN-2021.xlsx\" class=\"wp-block-file__button\" download>Download<\/a><\/div>\n\n\n\n<div class=\"wp-block-file\"><a href=\"http:\/\/ktd-mindel.hr\/develop\/wp-content\/uploads\/2021\/01\/FIN.-PLAN-2020-1.xlsx\">Financijski plan 2020<\/a><a href=\"http:\/\/ktd-mindel.hr\/develop\/wp-content\/uploads\/2021\/01\/FIN.-PLAN-2020-1.xlsx\" class=\"wp-block-file__button\" download>Download<\/a><\/div>\n\n\n\n<div class=\"wp-block-file\"><a href=\"http:\/\/ktd-mindel.hr\/develop\/wp-content\/uploads\/2021\/01\/Obrazac-IRDJU-2019-Izvije\u0161\u0107e-o-radu-davatelja-javne-usluge-2.xlsx\">Obrazac-IRDJU-2019-Izvje\u0161\u0107e-o-radu-davatelja-javne-usluge-2<\/a><a href=\"http:\/\/ktd-mindel.hr\/develop\/wp-content\/uploads\/2021\/01\/Obrazac-IRDJU-2019-Izvije\u0161\u0107e-o-radu-davatelja-javne-usluge-2.xlsx\" class=\"wp-block-file__button\" download>Download<\/a><\/div>\n\n\n\n<div class=\"wp-block-file\"><a href=\"http:\/\/ktd-mindel.hr\/develop\/wp-content\/uploads\/2021\/01\/FIN.IZVJE\u0160\u0106E-2019-1.xlsx\">FIN.IZVJE\u0160\u0106E-2019-1<\/a><a href=\"http:\/\/ktd-mindel.hr\/develop\/wp-content\/uploads\/2021\/01\/FIN.IZVJE\u0160\u0106E-2019-1.xlsx\" class=\"wp-block-file__button\" download>Download<\/a><\/div>\n\n\n\n<div class=\"wp-block-file\"><a href=\"http:\/\/ktd-mindel.hr\/develop\/wp-content\/uploads\/2021\/01\/Obrazac-IRDJU-2018-Izvije\u0161\u0107e-o-radu-davatelja-javne-usluge-1.xlsx\">Obrazac-IRDJU-2018-Izvje\u0161\u0107e-o-radu-davatelja-javne-usluge-1<\/a><a href=\"http:\/\/ktd-mindel.hr\/develop\/wp-content\/uploads\/2021\/01\/Obrazac-IRDJU-2018-Izvije\u0161\u0107e-o-radu-davatelja-javne-usluge-1.xlsx\" class=\"wp-block-file__button\" download>Download<\/a><\/div>\n\n\n\n<div class=\"wp-block-file\"><a href=\"http:\/\/ktd-mindel.hr\/develop\/wp-content\/uploads\/2021\/01\/FIN.IZVJE\u0160\u0106E-2018-1.xlsx\">FIN.IZVJE\u0160\u0106E-2018-1<\/a><a href=\"http:\/\/ktd-mindel.hr\/develop\/wp-content\/uploads\/2021\/01\/FIN.IZVJE\u0160\u0106E-2018-1.xlsx\" class=\"wp-block-file__button\" download>Download<\/a><\/div>\n\n\n\n<div class=\"wp-block-file\"><a href=\"http:\/\/ktd-mindel.hr\/develop\/wp-content\/uploads\/2021\/01\/FIN.IZVJE\u0160\u0106E-2017.xlsx\">FIN.IZVJE\u0160\u0106E-2017<\/a><a href=\"http:\/\/ktd-mindel.hr\/develop\/wp-content\/uploads\/2021\/01\/FIN.IZVJE\u0160\u0106E-2017.xlsx\" class=\"wp-block-file__button\" download>Download<\/a><\/div>\n\n\n\n<div class=\"wp-block-file\"><a href=\"http:\/\/ktd-mindel.hr\/develop\/wp-content\/uploads\/2021\/01\/izvje\u0161\u0107e-o-radu-za-2017.docx\">Izvje\u0161\u0107e o radu za 2017<\/a><a href=\"http:\/\/ktd-mindel.hr\/develop\/wp-content\/uploads\/2021\/01\/izvje\u0161\u0107e-o-radu-za-2017.docx\" class=\"wp-block-file__button\" download>Download<\/a><\/div>\n\n\n\n<div class=\"wp-block-file\"><a href=\"blob:http:\/\/ktd-mindel.hr\/d92aa3ce-3108-467e-9d3f-28a89acd3545\">Obrazac IRDJU-Izvje\u0161\u0107e o radu davatelja javne usluge za 2017 <\/a><a href=\"blob:http:\/\/ktd-mindel.hr\/d92aa3ce-3108-467e-9d3f-28a89acd3545\" class=\"wp-block-file__button\" download>Download<\/a><\/div>\n\n\n\n<div class=\"wp-block-file\"><a href=\"http:\/\/ktd-mindel.hr\/develop\/wp-content\/uploads\/2021\/01\/Godisnje_izvjesce-o-provedbi-ZPPI-2020.pdf\">Godisnje izvjesce o provedbi ZPPI 2020<\/a><a href=\"http:\/\/ktd-mindel.hr\/develop\/wp-content\/uploads\/2021\/01\/Godisnje_izvjesce-o-provedbi-ZPPI-2020.pdf\" class=\"wp-block-file__button\" download>Download<\/a><\/div>\n","protected":false},"excerpt":{"rendered":"<p>Temeljem \u010dlanka 3. Zakona o pravu na pristup informacijama (\u00bbNarodne novine\u00ab, broj 25\/13, 85\/15) ure\u0111eno je pravo na pristup informacijama fizi\u010dkim &#8230;<\/p>\n","protected":false},"author":2,"featured_media":0,"parent":0,"menu_order":0,"comment_status":"closed","ping_status":"closed","template":"","meta":{"_editorskit_title_hidden":false,"_editorskit_reading_time":3},"_links":{"self":[{"href":"https:\/\/ktd-mindel.hr\/develop\/wp-json\/wp\/v2\/pages\/655"}],"collection":[{"href":"https:\/\/ktd-mindel.hr\/develop\/wp-json\/wp\/v2\/pages"}],"about":[{"href":"https:\/\/ktd-mindel.hr\/develop\/wp-json\/wp\/v2\/types\/page"}],"author":[{"embeddable":true,"href":"https:\/\/ktd-mindel.hr\/develop\/wp-json\/wp\/v2\/users\/2"}],"replies":[{"embeddable":true,"href":"https:\/\/ktd-mindel.hr\/develop\/wp-json\/wp\/v2\/comments?post=655"}],"version-history":[{"count":29,"href":"https:\/\/ktd-mindel.hr\/develop\/wp-json\/wp\/v2\/pages\/655\/revisions"}],"predecessor-version":[{"id":1308,"href":"https:\/\/ktd-mindel.hr\/develop\/wp-json\/wp\/v2\/pages\/655\/revisions\/1308"}],"wp:attachment":[{"href":"https:\/\/ktd-mindel.hr\/develop\/wp-json\/wp\/v2\/media?parent=655"}],"curies":[{"name":"wp","href":"https:\/\/api.w.org\/{rel}","templated":true}]}}