{"id":53,"date":"2016-03-03T13:43:59","date_gmt":"2016-03-03T13:43:59","guid":{"rendered":"http:\/\/ktd-mindel.hr\/develop\/?page_id=53"},"modified":"2016-03-03T17:48:28","modified_gmt":"2016-03-03T17:48:28","slug":"odrzavanje-nerazvrstanih-cesta","status":"publish","type":"page","link":"https:\/\/ktd-mindel.hr\/develop\/odrzavanje-nerazvrstanih-cesta\/","title":{"rendered":"Odr\u017eavanje nerazvrstanih cesta"},"content":{"rendered":"<p style=\"text-align: justify;\">KTD Mindel je registrirano trgova\u010dko dru\u0161tvo za obavljanje djelatnosti odr\u017eavanja nerazvrstanih cesta na podru\u010dju op\u0107ine. KTD Mindel nema strojeve ni opremu za adekvatno od\u017eavanje pa zbog toga povjerava isti posao podizvo\u0111a\u010dima. Plan odr\u017eavanja i izgradnje donosi op\u0107inski na\u010delnik prema planu op\u0107inskog prora\u010duna za teku\u0107u godinu.<\/p>\n<p style=\"text-align: justify;\"><img loading=\"lazy\" class=\"alignnone wp-image-155 size-full\" src=\"http:\/\/ktd-mindel.hr\/develop\/wp-content\/uploads\/2016\/03\/Makadam_8-11.jpg\" alt=\"Makadam_8-11\" width=\"1000\" height=\"562\" srcset=\"https:\/\/ktd-mindel.hr\/develop\/wp-content\/uploads\/2016\/03\/Makadam_8-11.jpg 1000w, https:\/\/ktd-mindel.hr\/develop\/wp-content\/uploads\/2016\/03\/Makadam_8-11-300x169.jpg 300w, https:\/\/ktd-mindel.hr\/develop\/wp-content\/uploads\/2016\/03\/Makadam_8-11-768x432.jpg 768w\" sizes=\"(max-width: 1000px) 100vw, 1000px\" \/><\/p>\n","protected":false},"excerpt":{"rendered":"<p>KTD Mindel je registrirano trgova\u010dko dru\u0161tvo za obavljanje djelatnosti odr\u017eavanja nerazvrstanih cesta na podru\u010dju op\u0107ine. KTD Mindel nema strojeve ni opremu &#8230;<\/p>\n","protected":false},"author":1,"featured_media":0,"parent":0,"menu_order":0,"comment_status":"closed","ping_status":"closed","template":"","meta":{"_editorskit_title_hidden":false,"_editorskit_reading_time":0},"_links":{"self":[{"href":"https:\/\/ktd-mindel.hr\/develop\/wp-json\/wp\/v2\/pages\/53"}],"collection":[{"href":"https:\/\/ktd-mindel.hr\/develop\/wp-json\/wp\/v2\/pages"}],"about":[{"href":"https:\/\/ktd-mindel.hr\/develop\/wp-json\/wp\/v2\/types\/page"}],"author":[{"embeddable":true,"href":"https:\/\/ktd-mindel.hr\/develop\/wp-json\/wp\/v2\/users\/1"}],"replies":[{"embeddable":true,"href":"https:\/\/ktd-mindel.hr\/develop\/wp-json\/wp\/v2\/comments?post=53"}],"version-history":[{"count":3,"href":"https:\/\/ktd-mindel.hr\/develop\/wp-json\/wp\/v2\/pages\/53\/revisions"}],"predecessor-version":[{"id":156,"href":"https:\/\/ktd-mindel.hr\/develop\/wp-json\/wp\/v2\/pages\/53\/revisions\/156"}],"wp:attachment":[{"href":"https:\/\/ktd-mindel.hr\/develop\/wp-json\/wp\/v2\/media?parent=53"}],"curies":[{"name":"wp","href":"https:\/\/api.w.org\/{rel}","templated":true}]}}