{"id":51,"date":"2016-03-03T13:43:43","date_gmt":"2016-03-03T13:43:43","guid":{"rendered":"http:\/\/ktd-mindel.hr\/develop\/?page_id=51"},"modified":"2016-03-03T17:16:31","modified_gmt":"2016-03-03T17:16:31","slug":"izgradnja-objekata-komunalne-infrastrukture","status":"publish","type":"page","link":"https:\/\/ktd-mindel.hr\/develop\/izgradnja-objekata-komunalne-infrastrukture\/","title":{"rendered":"Izgradnja objekata komunalne infrastrukture"},"content":{"rendered":"<p style=\"text-align: justify;\"><strong>KTD Mindel<\/strong> je registrirano trgova\u010dko dru\u0161tvo za obavljanje djelatnosti izgradnje i odr\u017eavanja objekata komunalne infrastrukture na podru\u010dju op\u0107ine. Plan i program izgradnje donosi op\u0107inski na\u010delnik prema planu op\u0107inskog prora\u010duna za teku\u0107u godinu.<\/p>\n<p style=\"text-align: justify;\"><img loading=\"lazy\" class=\"alignnone wp-image-143 size-full\" src=\"http:\/\/ktd-mindel.hr\/develop\/wp-content\/uploads\/2016\/03\/roko.jpg\" alt=\"roko\" width=\"1200\" height=\"800\" srcset=\"https:\/\/ktd-mindel.hr\/develop\/wp-content\/uploads\/2016\/03\/roko.jpg 1200w, https:\/\/ktd-mindel.hr\/develop\/wp-content\/uploads\/2016\/03\/roko-300x200.jpg 300w, https:\/\/ktd-mindel.hr\/develop\/wp-content\/uploads\/2016\/03\/roko-768x512.jpg 768w, https:\/\/ktd-mindel.hr\/develop\/wp-content\/uploads\/2016\/03\/roko-1024x683.jpg 1024w\" sizes=\"(max-width: 1200px) 100vw, 1200px\" \/><\/p>\n","protected":false},"excerpt":{"rendered":"<p>KTD Mindel je registrirano trgova\u010dko dru\u0161tvo za obavljanje djelatnosti izgradnje i odr\u017eavanja objekata komunalne infrastrukture na podru\u010dju op\u0107ine. Plan i program &#8230;<\/p>\n","protected":false},"author":1,"featured_media":0,"parent":0,"menu_order":0,"comment_status":"closed","ping_status":"closed","template":"","meta":{"_editorskit_title_hidden":false,"_editorskit_reading_time":0},"_links":{"self":[{"href":"https:\/\/ktd-mindel.hr\/develop\/wp-json\/wp\/v2\/pages\/51"}],"collection":[{"href":"https:\/\/ktd-mindel.hr\/develop\/wp-json\/wp\/v2\/pages"}],"about":[{"href":"https:\/\/ktd-mindel.hr\/develop\/wp-json\/wp\/v2\/types\/page"}],"author":[{"embeddable":true,"href":"https:\/\/ktd-mindel.hr\/develop\/wp-json\/wp\/v2\/users\/1"}],"replies":[{"embeddable":true,"href":"https:\/\/ktd-mindel.hr\/develop\/wp-json\/wp\/v2\/comments?post=51"}],"version-history":[{"count":5,"href":"https:\/\/ktd-mindel.hr\/develop\/wp-json\/wp\/v2\/pages\/51\/revisions"}],"predecessor-version":[{"id":146,"href":"https:\/\/ktd-mindel.hr\/develop\/wp-json\/wp\/v2\/pages\/51\/revisions\/146"}],"wp:attachment":[{"href":"https:\/\/ktd-mindel.hr\/develop\/wp-json\/wp\/v2\/media?parent=51"}],"curies":[{"name":"wp","href":"https:\/\/api.w.org\/{rel}","templated":true}]}}