{"id":47,"date":"2016-03-03T13:43:08","date_gmt":"2016-03-03T13:43:08","guid":{"rendered":"http:\/\/ktd-mindel.hr\/develop\/?page_id=47"},"modified":"2016-03-03T17:42:34","modified_gmt":"2016-03-03T17:42:34","slug":"javna-nabava-2","status":"publish","type":"page","link":"https:\/\/ktd-mindel.hr\/develop\/javna-nabava-2\/","title":{"rendered":"Javna rasvjeta"},"content":{"rendered":"<p style=\"text-align: justify;\">Javna rasvjeta je dio komunalne infrastrukture Op\u0107ine Lumbarda \u010diju izgradnju i odr\u017eavanje obavlja KTD Mindel d.o.o. . Tro\u0161kove odr\u017eavanja objekata i ure\u0111enja javne rasvjete financira Op\u0107ina Lumbarda putem Ugovora o ure\u0111ivanju me\u0111usobnih prava i obveza u obavljanju komunalnih djelatnost sa komunalnim poduze\u0107em. Plan i financiranje \u0161irenja javne rasvjete donosi op\u0107inski na\u010delnik u op\u0107inskom prora\u010dunu.<\/p>\n<p style=\"text-align: justify;\">\n","protected":false},"excerpt":{"rendered":"<p>Javna rasvjeta je dio komunalne infrastrukture Op\u0107ine Lumbarda \u010diju izgradnju i odr\u017eavanje obavlja KTD Mindel d.o.o. . Tro\u0161kove odr\u017eavanja objekata i &#8230;<\/p>\n","protected":false},"author":1,"featured_media":0,"parent":0,"menu_order":0,"comment_status":"closed","ping_status":"closed","template":"","meta":{"_editorskit_title_hidden":false,"_editorskit_reading_time":0},"_links":{"self":[{"href":"https:\/\/ktd-mindel.hr\/develop\/wp-json\/wp\/v2\/pages\/47"}],"collection":[{"href":"https:\/\/ktd-mindel.hr\/develop\/wp-json\/wp\/v2\/pages"}],"about":[{"href":"https:\/\/ktd-mindel.hr\/develop\/wp-json\/wp\/v2\/types\/page"}],"author":[{"embeddable":true,"href":"https:\/\/ktd-mindel.hr\/develop\/wp-json\/wp\/v2\/users\/1"}],"replies":[{"embeddable":true,"href":"https:\/\/ktd-mindel.hr\/develop\/wp-json\/wp\/v2\/comments?post=47"}],"version-history":[{"count":5,"href":"https:\/\/ktd-mindel.hr\/develop\/wp-json\/wp\/v2\/pages\/47\/revisions"}],"predecessor-version":[{"id":148,"href":"https:\/\/ktd-mindel.hr\/develop\/wp-json\/wp\/v2\/pages\/47\/revisions\/148"}],"wp:attachment":[{"href":"https:\/\/ktd-mindel.hr\/develop\/wp-json\/wp\/v2\/media?parent=47"}],"curies":[{"name":"wp","href":"https:\/\/api.w.org\/{rel}","templated":true}]}}