{"id":45,"date":"2016-03-03T13:42:58","date_gmt":"2016-03-03T13:42:58","guid":{"rendered":"http:\/\/ktd-mindel.hr\/develop\/?page_id=45"},"modified":"2021-09-20T09:44:14","modified_gmt":"2021-09-20T09:44:14","slug":"trznica","status":"publish","type":"page","link":"https:\/\/ktd-mindel.hr\/develop\/trznica\/","title":{"rendered":"Tr\u017enica"},"content":{"rendered":"<p style=\"text-align: justify;\">Tr\u017enica je smje\u0161tena iznad glavnog op\u0107inskog trga. Cilj tr\u017enice je pribli\u017eiti doma\u0107e poljoprivredne proizvode uzgojene na poljoprivrednim gospodarstvima sa podru\u010dja Op\u0107ine. Osnovna funkcija Dru\u0161tva KTD Mindel u pru\u017eanju ove usluge je stvaranje potrebnih uvjeta za funkcioniranje tr\u017enice. Ciljevi dru\u0161tva prema ovoj usluzi su ure\u0111enje prostora na kojem \u0107e funkcionirati tr\u017enica, uz osiguranje propisanih zakonskih uvjeta za njezino funkcioniranje, naplata naknade za kori\u0161tenje usluga tr\u017enica, zadovoljenje potreba stanovni\u0161tva Op\u0107ine Lumbarda za kupovinom i prodajom poljoprivrednih proizvoda na ure\u0111enom prostoru te pove\u0107anje standarda usluge. U tu svrhu je izra\u0111en <strong>elaborat sagledavanja mogu\u0107nosti za izgradnju zgrade mjesne tr\u017enice u Lumbardi<\/strong>. Elaboratom je dan prikaz mogu\u0107nosti izgradnje takvog objekta unutar sklopa postoje\u0107ih nekretnina u vlasni\u0161tvu Op\u0107ine Lumbarda i hodogram aktivnosti koje je potrebno provesti radi isho\u0111enja Gra\u0111evinske dozvole za izgradnju zgrade mjesne tr\u017enice. Popis predlo\u017eenih aktivnost je dan na\u010delniku Op\u0107ine na razmatranje.<\/p>\n\n\n<div class=\"wp-block-file\"><a href=\"http:\/\/ktd-mindel.hr\/develop\/wp-content\/uploads\/2021\/07\/opci-uvjeti-isporuke-komunalne-usluge-javne-trznice-na-malo.doc\">opci-uvjeti-isporuke-komunalne-usluge-javne-trznice-na-malo<\/a><a href=\"http:\/\/ktd-mindel.hr\/develop\/wp-content\/uploads\/2021\/07\/opci-uvjeti-isporuke-komunalne-usluge-javne-trznice-na-malo.doc\" class=\"wp-block-file__button\" download>Download<\/a><\/div>\n\n\n\n<div class=\"wp-block-file\"><a href=\"http:\/\/ktd-mindel.hr\/develop\/wp-content\/uploads\/2021\/09\/Pravilnik-o-kori\u0161tenju-ribarnice.docx\">Pravilnik-o-kori\u0161tenju-ribarnice<\/a><a href=\"http:\/\/ktd-mindel.hr\/develop\/wp-content\/uploads\/2021\/09\/Pravilnik-o-kori\u0161tenju-ribarnice.docx\" class=\"wp-block-file__button\" download>Download<\/a><\/div>\n","protected":false},"excerpt":{"rendered":"<p>Tr\u017enica je smje\u0161tena iznad glavnog op\u0107inskog trga. Cilj tr\u017enice je pribli\u017eiti doma\u0107e poljoprivredne proizvode uzgojene na poljoprivrednim gospodarstvima sa podru\u010dja Op\u0107ine. &#8230;<\/p>\n","protected":false},"author":1,"featured_media":0,"parent":0,"menu_order":0,"comment_status":"closed","ping_status":"closed","template":"","meta":{"_editorskit_title_hidden":false,"_editorskit_reading_time":0},"_links":{"self":[{"href":"https:\/\/ktd-mindel.hr\/develop\/wp-json\/wp\/v2\/pages\/45"}],"collection":[{"href":"https:\/\/ktd-mindel.hr\/develop\/wp-json\/wp\/v2\/pages"}],"about":[{"href":"https:\/\/ktd-mindel.hr\/develop\/wp-json\/wp\/v2\/types\/page"}],"author":[{"embeddable":true,"href":"https:\/\/ktd-mindel.hr\/develop\/wp-json\/wp\/v2\/users\/1"}],"replies":[{"embeddable":true,"href":"https:\/\/ktd-mindel.hr\/develop\/wp-json\/wp\/v2\/comments?post=45"}],"version-history":[{"count":4,"href":"https:\/\/ktd-mindel.hr\/develop\/wp-json\/wp\/v2\/pages\/45\/revisions"}],"predecessor-version":[{"id":932,"href":"https:\/\/ktd-mindel.hr\/develop\/wp-json\/wp\/v2\/pages\/45\/revisions\/932"}],"wp:attachment":[{"href":"https:\/\/ktd-mindel.hr\/develop\/wp-json\/wp\/v2\/media?parent=45"}],"curies":[{"name":"wp","href":"https:\/\/api.w.org\/{rel}","templated":true}]}}