{"id":43,"date":"2016-03-03T13:42:48","date_gmt":"2016-03-03T13:42:48","guid":{"rendered":"http:\/\/ktd-mindel.hr\/develop\/?page_id=43"},"modified":"2016-03-03T17:54:48","modified_gmt":"2016-03-03T17:54:48","slug":"parkiralista","status":"publish","type":"page","link":"https:\/\/ktd-mindel.hr\/develop\/parkiralista\/","title":{"rendered":"Parkirali\u0161ta"},"content":{"rendered":"<p style=\"text-align: justify;\">Naplata parkiranja u Op\u0107ini Lumbarda vr\u0161i se na cca 80 parkirnih mjesta i to na pla\u017eama Pr\u017eina i Bilin \u017dal. Cijena parkiranja iznosi 20,00 kn dnevno. Djelatnici na parkirali\u0161tima izdaju fiskalni ra\u010dun za svaku prodanu kartu.<\/p>\n<p style=\"text-align: justify;\"><img loading=\"lazy\" class=\"alignnone size-full wp-image-165\" src=\"http:\/\/ktd-mindel.hr\/develop\/wp-content\/uploads\/2016\/03\/bilin-zal-beach-lumbarda.jpg\" alt=\"bilin-zal-beach-lumbarda\" width=\"1000\" height=\"667\" srcset=\"https:\/\/ktd-mindel.hr\/develop\/wp-content\/uploads\/2016\/03\/bilin-zal-beach-lumbarda.jpg 1000w, https:\/\/ktd-mindel.hr\/develop\/wp-content\/uploads\/2016\/03\/bilin-zal-beach-lumbarda-300x200.jpg 300w, https:\/\/ktd-mindel.hr\/develop\/wp-content\/uploads\/2016\/03\/bilin-zal-beach-lumbarda-768x512.jpg 768w\" sizes=\"(max-width: 1000px) 100vw, 1000px\" \/><\/p>\n<p style=\"text-align: justify;\">\n","protected":false},"excerpt":{"rendered":"<p>Naplata parkiranja u Op\u0107ini Lumbarda vr\u0161i se na cca 80 parkirnih mjesta i to na pla\u017eama Pr\u017eina i Bilin \u017dal. Cijena &#8230;<\/p>\n","protected":false},"author":1,"featured_media":0,"parent":0,"menu_order":0,"comment_status":"closed","ping_status":"closed","template":"","meta":{"_editorskit_title_hidden":false,"_editorskit_reading_time":0},"_links":{"self":[{"href":"https:\/\/ktd-mindel.hr\/develop\/wp-json\/wp\/v2\/pages\/43"}],"collection":[{"href":"https:\/\/ktd-mindel.hr\/develop\/wp-json\/wp\/v2\/pages"}],"about":[{"href":"https:\/\/ktd-mindel.hr\/develop\/wp-json\/wp\/v2\/types\/page"}],"author":[{"embeddable":true,"href":"https:\/\/ktd-mindel.hr\/develop\/wp-json\/wp\/v2\/users\/1"}],"replies":[{"embeddable":true,"href":"https:\/\/ktd-mindel.hr\/develop\/wp-json\/wp\/v2\/comments?post=43"}],"version-history":[{"count":4,"href":"https:\/\/ktd-mindel.hr\/develop\/wp-json\/wp\/v2\/pages\/43\/revisions"}],"predecessor-version":[{"id":167,"href":"https:\/\/ktd-mindel.hr\/develop\/wp-json\/wp\/v2\/pages\/43\/revisions\/167"}],"wp:attachment":[{"href":"https:\/\/ktd-mindel.hr\/develop\/wp-json\/wp\/v2\/media?parent=43"}],"curies":[{"name":"wp","href":"https:\/\/api.w.org\/{rel}","templated":true}]}}