{"id":38,"date":"2016-03-03T13:42:24","date_gmt":"2016-03-03T13:42:24","guid":{"rendered":"http:\/\/ktd-mindel.hr\/develop\/?page_id=38"},"modified":"2016-03-03T17:46:35","modified_gmt":"2016-03-03T17:46:35","slug":"javne-zelene-povrsine-i-plaze","status":"publish","type":"page","link":"https:\/\/ktd-mindel.hr\/develop\/javne-zelene-povrsine-i-plaze\/","title":{"rendered":"Javne, zelene povr\u0161ine i pla\u017ee"},"content":{"rendered":"<h3>Odr\u017eavanje javnih, zelenih povr\u0161ina i pla\u017ea<\/h3>\n<p><strong>obuhva\u0107a sljede\u0107e djelatnosti:<\/strong><\/p>\n<ul>\n<li>Ko\u0161nja parkovnih povr\u0161ina<\/li>\n<li>Ko\u0161nja javnih zelenih povr\u0161ina<\/li>\n<li>Ko\u0161nja dje\u010djeg igrali\u0161ta<\/li>\n<li>Sadnja i odr\u017eavanje cvije\u0107a i ukrasnog bilja<\/li>\n<li>Sadnja i obrezivanje stabala<\/li>\n<li>Sje\u0107a stabala i panjeva<\/li>\n<li>Odr\u017eavanje cvjetnih nasada<\/li>\n<li>\u010ci\u0161\u0107enje parkovnih povr\u0161ina<\/li>\n<li>\u010ci\u0161\u0107enje dje\u010djeg igrali\u0161ta<\/li>\n<li>Zbrinjavanje otpada sa javnih povr\u0161ina<\/li>\n<li>Odr\u017eavanje i \u010di\u0161\u0107enje autobusnih stanica i stajali\u0161ta<\/li>\n<li>\u010ci\u0161\u0107enje i odr\u017eavanje op\u0107inskog trga<\/li>\n<li>Priprema i \u010di\u0161\u0107enja uslijed i nakon manifestacija( ribarske ve\u010deri i sli\u010dno)<\/li>\n<li>\u010ci\u0161\u010denje pje\u0161\u0107anih i \u0161ljun\u010danih pla\u017ea<\/li>\n<li>\u010ci\u0161\u0107enje nogostupa<\/li>\n<li>\u010ci\u0161\u0107enje okoli\u0161a javnih i op\u0107inskih ustanova<\/li>\n<\/ul>\n<p>&nbsp;<\/p>\n<p><img loading=\"lazy\" class=\"alignnone wp-image-151 size-full\" src=\"http:\/\/ktd-mindel.hr\/develop\/wp-content\/uploads\/2016\/03\/przina-beach-wide.jpg\" alt=\"przina-beach-wide\" width=\"1000\" height=\"667\" srcset=\"https:\/\/ktd-mindel.hr\/develop\/wp-content\/uploads\/2016\/03\/przina-beach-wide.jpg 1000w, https:\/\/ktd-mindel.hr\/develop\/wp-content\/uploads\/2016\/03\/przina-beach-wide-300x200.jpg 300w, https:\/\/ktd-mindel.hr\/develop\/wp-content\/uploads\/2016\/03\/przina-beach-wide-768x512.jpg 768w\" sizes=\"(max-width: 1000px) 100vw, 1000px\" \/><\/p>\n","protected":false},"excerpt":{"rendered":"<p>Odr\u017eavanje javnih, zelenih povr\u0161ina i pla\u017ea obuhva\u0107a sljede\u0107e djelatnosti: Ko\u0161nja parkovnih povr\u0161ina Ko\u0161nja javnih zelenih povr\u0161ina Ko\u0161nja dje\u010djeg igrali\u0161ta Sadnja i &#8230;<\/p>\n","protected":false},"author":1,"featured_media":0,"parent":0,"menu_order":0,"comment_status":"closed","ping_status":"closed","template":"","meta":{"_editorskit_title_hidden":false,"_editorskit_reading_time":0},"_links":{"self":[{"href":"https:\/\/ktd-mindel.hr\/develop\/wp-json\/wp\/v2\/pages\/38"}],"collection":[{"href":"https:\/\/ktd-mindel.hr\/develop\/wp-json\/wp\/v2\/pages"}],"about":[{"href":"https:\/\/ktd-mindel.hr\/develop\/wp-json\/wp\/v2\/types\/page"}],"author":[{"embeddable":true,"href":"https:\/\/ktd-mindel.hr\/develop\/wp-json\/wp\/v2\/users\/1"}],"replies":[{"embeddable":true,"href":"https:\/\/ktd-mindel.hr\/develop\/wp-json\/wp\/v2\/comments?post=38"}],"version-history":[{"count":5,"href":"https:\/\/ktd-mindel.hr\/develop\/wp-json\/wp\/v2\/pages\/38\/revisions"}],"predecessor-version":[{"id":153,"href":"https:\/\/ktd-mindel.hr\/develop\/wp-json\/wp\/v2\/pages\/38\/revisions\/153"}],"wp:attachment":[{"href":"https:\/\/ktd-mindel.hr\/develop\/wp-json\/wp\/v2\/media?parent=38"}],"curies":[{"name":"wp","href":"https:\/\/api.w.org\/{rel}","templated":true}]}}