{"id":15,"date":"2016-03-03T12:49:50","date_gmt":"2016-03-03T12:49:50","guid":{"rendered":"http:\/\/ktd-mindel.hr\/develop\/?page_id=15"},"modified":"2016-03-03T17:50:58","modified_gmt":"2016-03-03T17:50:58","slug":"mindel-odvodnja-d-o-o","status":"publish","type":"page","link":"https:\/\/ktd-mindel.hr\/develop\/mindel-odvodnja-d-o-o\/","title":{"rendered":"Mindel odvodnja d.o.o."},"content":{"rendered":"<p style=\"text-align: justify;\">Postoje\u0107i sustav ovodnje otpadnih voda u Lumbardi izgra\u0111en je sredinom 80-ih godina pro\u0161log stolje\u0107a od strane Hotelskog turisti\u010dkog poduze\u0107a Lumbarda. Diobom HTP-Lumbarda sustav odvodnje pripao je JAKUP-u ( javno komunalno poduze\u0107e) iz Lumbarde koje je kasnije transformirano u KTD Mindel d.o.o.<\/p>\n<p style=\"text-align: justify;\">U skladu sa Zakonom o vodama i Zakonom o trgova\u010dkim dru\u0161tvima Op\u0107ina Lumbarda je 30. o\u017eujka 2015. godine donijela Odluku o osnivanju trgova\u010dkog dru\u0161tva za javnu odvodnju Mindel Odvodnja d.o.o. To dru\u0161tvo danas upravlja sa sustavom javne odvodnje u Op\u0107ini Lumbarda. Dru\u0161tvo je 12. kolovoza 2015 god. podnijelo zahtjev za izdavanje rje\u0161enje o ispunjavanju posebnih uvjeta za obavljanje djelatnosti javne odvodnje.<\/p>\n<p style=\"text-align: justify;\">Na podru\u010dju Op\u0107ine Lumbarda postoji djelomi\u010dno izgra\u0111en sustav odvodnje otpadnih voda, koji prikupljene otpadne vode u\u017eeg dijela Lumbarde (hoteli, marina, 6 doma\u010dinstava) transportira prema postoje\u0107em podmorskom ispustu smje\u0161tenom na rtu Ra\u017enji\u0107. Sustav se sastoji od tri crpne stanice, gravitacijskih kanala u duljini od oko 1500 m te tla\u010dnih cjevovoda u duljini od oko 1750 m. Podmorskim ispustom otpadna voda se ispu\u0161ta u priobalno mora na dubinu od 49 m na 300 m od obale.<\/p>\n<p style=\"text-align: justify;\">\u00a0<img loading=\"lazy\" class=\"alignnone wp-image-159 size-full\" src=\"http:\/\/ktd-mindel.hr\/develop\/wp-content\/uploads\/2016\/03\/end-of-island-korcula-lumbarda.jpg\" alt=\"end-of-island-korcula-lumbarda\" width=\"1000\" height=\"667\" srcset=\"https:\/\/ktd-mindel.hr\/develop\/wp-content\/uploads\/2016\/03\/end-of-island-korcula-lumbarda.jpg 1000w, https:\/\/ktd-mindel.hr\/develop\/wp-content\/uploads\/2016\/03\/end-of-island-korcula-lumbarda-300x200.jpg 300w, https:\/\/ktd-mindel.hr\/develop\/wp-content\/uploads\/2016\/03\/end-of-island-korcula-lumbarda-768x512.jpg 768w\" sizes=\"(max-width: 1000px) 100vw, 1000px\" \/><\/p>\n","protected":false},"excerpt":{"rendered":"<p>Postoje\u0107i sustav ovodnje otpadnih voda u Lumbardi izgra\u0111en je sredinom 80-ih godina pro\u0161log stolje\u0107a od strane Hotelskog turisti\u010dkog poduze\u0107a Lumbarda. Diobom &#8230;<\/p>\n","protected":false},"author":1,"featured_media":0,"parent":0,"menu_order":0,"comment_status":"closed","ping_status":"closed","template":"","meta":{"_editorskit_title_hidden":false,"_editorskit_reading_time":0},"_links":{"self":[{"href":"https:\/\/ktd-mindel.hr\/develop\/wp-json\/wp\/v2\/pages\/15"}],"collection":[{"href":"https:\/\/ktd-mindel.hr\/develop\/wp-json\/wp\/v2\/pages"}],"about":[{"href":"https:\/\/ktd-mindel.hr\/develop\/wp-json\/wp\/v2\/types\/page"}],"author":[{"embeddable":true,"href":"https:\/\/ktd-mindel.hr\/develop\/wp-json\/wp\/v2\/users\/1"}],"replies":[{"embeddable":true,"href":"https:\/\/ktd-mindel.hr\/develop\/wp-json\/wp\/v2\/comments?post=15"}],"version-history":[{"count":4,"href":"https:\/\/ktd-mindel.hr\/develop\/wp-json\/wp\/v2\/pages\/15\/revisions"}],"predecessor-version":[{"id":160,"href":"https:\/\/ktd-mindel.hr\/develop\/wp-json\/wp\/v2\/pages\/15\/revisions\/160"}],"wp:attachment":[{"href":"https:\/\/ktd-mindel.hr\/develop\/wp-json\/wp\/v2\/media?parent=15"}],"curies":[{"name":"wp","href":"https:\/\/api.w.org\/{rel}","templated":true}]}}