{"id":1134,"date":"2022-05-06T06:04:27","date_gmt":"2022-05-06T06:04:27","guid":{"rendered":"http:\/\/ktd-mindel.hr\/develop\/?page_id=1134"},"modified":"2025-11-13T09:01:06","modified_gmt":"2025-11-13T09:01:06","slug":"cjenik-usluge-sakupljanja-komunalnog-otpada-za-podrucje-opcine-lumbarda-izvan-plana-primopredaje-i-sakupljanja-reciklabilnog-otpada-za-ne-kucanstva","status":"publish","type":"page","link":"https:\/\/ktd-mindel.hr\/develop\/cjenik-usluge-sakupljanja-komunalnog-otpada-za-podrucje-opcine-lumbarda-izvan-plana-primopredaje-i-sakupljanja-reciklabilnog-otpada-za-ne-kucanstva\/","title":{"rendered":"Cjenik usluge sakupljanja komunalnog otpada za podru\u010dje op\u0107ine Lumbarda izvan plana primopredaje i sakupljanja reciklabilnog otpada za ne ku\u0107anstva"},"content":{"rendered":"\n<div class=\"wp-block-file\"><a href=\"https:\/\/ktd-mindel.hr\/develop\/wp-content\/uploads\/2025\/11\/Cjenik-usluge-sakupljanja-komunalnog-otpada-za-podrucje-opcine-Lumbarda-izvan-plana-primopredaje-i-sakupljanja-reciklabilnog-i-bio-otpada-za-nekucanstva.pdf\">Cjenik-usluge-sakupljanja-komunalnog-otpada-za-podrucje-opcine-Lumbarda-izvan-plana-primopredaje-i-sakupljanja-reciklabilnog-i-bio-otpada-za-nekucanstva<\/a><a href=\"https:\/\/ktd-mindel.hr\/develop\/wp-content\/uploads\/2025\/11\/Cjenik-usluge-sakupljanja-komunalnog-otpada-za-podrucje-opcine-Lumbarda-izvan-plana-primopredaje-i-sakupljanja-reciklabilnog-i-bio-otpada-za-nekucanstva.pdf\" class=\"wp-block-file__button\" download>Download<\/a><\/div>\n","protected":false},"excerpt":{"rendered":"Cjenik-usluge-sakupljanja-komunalnog-otpada-za-podrucje-opcine-Lumbarda-izvan-plana-primopredaje-i-sakupljanja-reciklabilnog-i-bio-otpada-za-nekucanstvaDownload","protected":false},"author":2,"featured_media":0,"parent":0,"menu_order":0,"comment_status":"closed","ping_status":"closed","template":"","meta":{"_editorskit_title_hidden":false,"_editorskit_reading_time":1},"_links":{"self":[{"href":"https:\/\/ktd-mindel.hr\/develop\/wp-json\/wp\/v2\/pages\/1134"}],"collection":[{"href":"https:\/\/ktd-mindel.hr\/develop\/wp-json\/wp\/v2\/pages"}],"about":[{"href":"https:\/\/ktd-mindel.hr\/develop\/wp-json\/wp\/v2\/types\/page"}],"author":[{"embeddable":true,"href":"https:\/\/ktd-mindel.hr\/develop\/wp-json\/wp\/v2\/users\/2"}],"replies":[{"embeddable":true,"href":"https:\/\/ktd-mindel.hr\/develop\/wp-json\/wp\/v2\/comments?post=1134"}],"version-history":[{"count":3,"href":"https:\/\/ktd-mindel.hr\/develop\/wp-json\/wp\/v2\/pages\/1134\/revisions"}],"predecessor-version":[{"id":1362,"href":"https:\/\/ktd-mindel.hr\/develop\/wp-json\/wp\/v2\/pages\/1134\/revisions\/1362"}],"wp:attachment":[{"href":"https:\/\/ktd-mindel.hr\/develop\/wp-json\/wp\/v2\/media?parent=1134"}],"curies":[{"name":"wp","href":"https:\/\/api.w.org\/{rel}","templated":true}]}}